{"id":1774,"date":"2020-01-26T17:50:32","date_gmt":"2020-01-26T19:50:32","guid":{"rendered":"http:\/\/poucabagagem.com.br\/teste\/?page_id=1774"},"modified":"2020-02-22T12:07:03","modified_gmt":"2020-02-22T15:07:03","slug":"contato","status":"publish","type":"page","link":"https:\/\/poucabagagem.com.br\/index.php\/home\/contato\/","title":{"rendered":"Contato"},"content":{"rendered":"\t\t<div data-elementor-type=\"wp-page\" data-elementor-id=\"1774\" class=\"elementor elementor-1774\">\n\t\t\t\t\t\t<section class=\"elementor-section elementor-top-section elementor-element elementor-element-354cebd elementor-section-boxed elementor-section-height-default elementor-section-height-default\" data-id=\"354cebd\" data-element_type=\"section\" data-e-type=\"section\">\n\t\t\t\t\t\t<div class=\"elementor-container elementor-column-gap-default\">\n\t\t\t\t\t<div class=\"elementor-column elementor-col-100 elementor-top-column elementor-element elementor-element-ee68e5f\" data-id=\"ee68e5f\" data-element_type=\"column\" data-e-type=\"column\">\n\t\t\t<div class=\"elementor-widget-wrap elementor-element-populated\">\n\t\t\t\t\t\t<div class=\"elementor-element elementor-element-c92d3b8 elementor-widget elementor-widget-heading\" data-id=\"c92d3b8\" data-element_type=\"widget\" data-e-type=\"widget\" data-widget_type=\"heading.default\">\n\t\t\t\t<div class=\"elementor-widget-container\">\n\t\t\t\t\t<h2 class=\"elementor-heading-title elementor-size-default\"><font color=\"#000000\" style=\"font-weight: normal;white-space: normal\">Quer conversar comigo? Me escreva.<\/font><\/h2>\t\t\t\t<\/div>\n\t\t\t\t<\/div>\n\t\t\t\t\t<\/div>\n\t\t<\/div>\n\t\t\t\t\t<\/div>\n\t\t<\/section>\n\t\t\t\t<section class=\"elementor-section elementor-top-section elementor-element elementor-element-dba753a elementor-section-boxed elementor-section-height-default elementor-section-height-default\" data-id=\"dba753a\" data-element_type=\"section\" data-e-type=\"section\" data-settings=\"{&quot;background_background&quot;:&quot;classic&quot;}\">\n\t\t\t\t\t\t<div class=\"elementor-container elementor-column-gap-default\">\n\t\t\t\t\t<div class=\"elementor-column elementor-col-50 elementor-top-column elementor-element elementor-element-46464e1\" data-id=\"46464e1\" data-element_type=\"column\" data-e-type=\"column\" data-settings=\"{&quot;background_background&quot;:&quot;classic&quot;}\">\n\t\t\t<div class=\"elementor-widget-wrap elementor-element-populated\">\n\t\t\t\t\t\t<div class=\"elementor-element elementor-element-4046101 elementor-widget elementor-widget-text-editor\" data-id=\"4046101\" data-element_type=\"widget\" data-e-type=\"widget\" data-widget_type=\"text-editor.default\">\n\t\t\t\t<div class=\"elementor-widget-container\">\n\t\t\t\t\t\t\t\t\t<h5>Em condi\u00e7\u00f5es normais eu entendo um ou outro idioma, mas hoje em dia a internet me ajuda a ser mais cosmopolita se for preciso.<\/h5><h5><br>N\u00e3o se acanhe, escreva, palpite, critique ou&nbsp;pergunte o que desejar, como desejar, conte suas hist\u00f3rias e se manifeste, eu prometo responder se deixar seu email corretamente.<\/h5>\n\t\t\t\t\t\t\t\t<\/div>\n\t\t\t\t<\/div>\n\t\t\t\t\t<\/div>\n\t\t<\/div>\n\t\t\t\t<div class=\"elementor-column elementor-col-50 elementor-top-column elementor-element elementor-element-1043f0d\" data-id=\"1043f0d\" data-element_type=\"column\" data-e-type=\"column\" data-settings=\"{&quot;background_background&quot;:&quot;classic&quot;}\">\n\t\t\t<div class=\"elementor-widget-wrap elementor-element-populated\">\n\t\t\t\t\t\t<div class=\"elementor-element elementor-element-2b90622 eael-wpforms-labels-yes eael-wpforms-form-button-custom elementor-widget elementor-widget-eael-wpforms\" data-id=\"2b90622\" data-element_type=\"widget\" data-e-type=\"widget\" data-widget_type=\"eael-wpforms.default\">\n\t\t\t\t<div class=\"elementor-widget-container\">\n\t\t\t\t\t            <div class=\"eael-contact-form eael-wpforms eael-wpforms-align-default\">\n                                <div class=\"wpforms-container wpforms-container-full\" id=\"wpforms-139\"><form id=\"wpforms-form-139\" class=\"wpforms-validate wpforms-form wpforms-ajax-form\" data-formid=\"139\" method=\"post\" enctype=\"multipart\/form-data\" action=\"\/index.php\/wp-json\/wp\/v2\/pages\/1774\" data-token=\"c8303af7f4f39e552e81ca4484017135\" data-token-time=\"1777040023\"><div class=\"wpforms-head-container\"><\/div><noscript class=\"wpforms-error-noscript\">Ative o JavaScript no seu navegador para preencher este formul\u00e1rio.<\/noscript><div class=\"wpforms-field-container\"><div id=\"wpforms-139-field_3-container\" class=\"wpforms-field wpforms-field-text\" data-field-id=\"3\"><label class=\"wpforms-field-label wpforms-label-hide\" for=\"wpforms-139-field_3\">Nome <span class=\"wpforms-required-label\">*<\/span><\/label><input type=\"text\" id=\"wpforms-139-field_3\" class=\"wpforms-field-medium wpforms-field-required\" name=\"wpforms[fields][3]\" placeholder=\"Nome\" required><\/div><div id=\"wpforms-139-field_1-container\" class=\"wpforms-field wpforms-field-email\" data-field-id=\"1\"><label class=\"wpforms-field-label wpforms-label-hide\" for=\"wpforms-139-field_1\">E-mail <span class=\"wpforms-required-label\">*<\/span><\/label><input type=\"email\" id=\"wpforms-139-field_1\" class=\"wpforms-field-medium wpforms-field-required\" name=\"wpforms[fields][1]\" placeholder=\"e-mail\" spellcheck=\"false\" required><\/div><div id=\"wpforms-139-field_4-container\" class=\"wpforms-field wpforms-field-select wpforms-field-select-style-classic\" data-field-id=\"4\"><label class=\"wpforms-field-label wpforms-label-hide\" for=\"wpforms-139-field_4\">Como nos encontrou?<\/label><select id=\"wpforms-139-field_4\" class=\"wpforms-field-medium\" name=\"wpforms[fields][4]\"><option value=\"\" class=\"placeholder\" disabled  selected='selected'>Como nos encontrou?<\/option><option value=\"Recebi um convite\"  class=\"choice-1 depth-1\"  >Recebi um convite<\/option><option value=\"Google\"  class=\"choice-2 depth-1\"  >Google<\/option><option value=\"Link de outro site\"  class=\"choice-3 depth-1\"  >Link de outro site<\/option><option value=\"Indica\u00e7\u00e3o de um amigo\"  class=\"choice-4 depth-1\"  >Indica\u00e7\u00e3o de um amigo<\/option><\/select><\/div><div id=\"wpforms-139-field_2-container\" class=\"wpforms-field wpforms-field-textarea\" data-field-id=\"2\"><label class=\"wpforms-field-label wpforms-label-hide\" for=\"wpforms-139-field_2\">Mensagem <span class=\"wpforms-required-label\">*<\/span><\/label><textarea id=\"wpforms-139-field_2\" class=\"wpforms-field-medium wpforms-field-required\" name=\"wpforms[fields][2]\" placeholder=\"mensagem\" required><\/textarea><\/div><div id=\"wpforms-139-field_9-container\" class=\"wpforms-field wpforms-field-checkbox\" data-field-id=\"9\"><label class=\"wpforms-field-label wpforms-label-hide\">Newsletter<\/label><ul id=\"wpforms-139-field_9\"><li class=\"choice-1 depth-1\"><input type=\"checkbox\" id=\"wpforms-139-field_9_1\" name=\"wpforms[fields][9][]\" value=\"Eu gostaria de receber newsletters sobre novidades no PoucaBagagem mensalmente\"  ><label class=\"wpforms-field-label-inline\" for=\"wpforms-139-field_9_1\">Eu gostaria de receber newsletters sobre novidades no PoucaBagagem mensalmente<\/label><\/li><\/ul><\/div><\/div><!-- .wpforms-field-container --><div class=\"wpforms-field wpforms-field-hp\"><label for=\"wpforms-139-field-hp\" class=\"wpforms-field-label\">Name<\/label><input type=\"text\" name=\"wpforms[hp]\" id=\"wpforms-139-field-hp\" class=\"wpforms-field-medium\"><\/div><div class=\"wpforms-submit-container\" ><input type=\"hidden\" name=\"wpforms[id]\" value=\"139\"><input type=\"hidden\" name=\"page_title\" value=\"\"><input type=\"hidden\" name=\"page_url\" value=\"https:\/\/poucabagagem.com.br\/index.php\/wp-json\/wp\/v2\/pages\/1774\"><input type=\"hidden\" name=\"url_referer\" value=\"\"><button type=\"submit\" name=\"wpforms[submit]\" id=\"wpforms-submit-139\" class=\"wpforms-submit\" data-alt-text=\"Enviando...\" data-submit-text=\"Enviar\" aria-live=\"assertive\" value=\"wpforms-submit\">Enviar<\/button><img decoding=\"async\" src=\"https:\/\/poucabagagem.com.br\/wp-content\/plugins\/wpforms-lite\/assets\/images\/submit-spin.svg\" class=\"wpforms-submit-spinner\" style=\"display: none;\" width=\"26\" height=\"26\" alt=\"Carregando\"><\/div><\/form><\/div>  <!-- .wpforms-container -->            <\/div>\n\t\t\t\t<\/div>\n\t\t\t\t<\/div>\n\t\t\t\t\t<\/div>\n\t\t<\/div>\n\t\t\t\t\t<\/div>\n\t\t<\/section>\n\t\t\t\t<\/div>\n\t\t","protected":false},"excerpt":{"rendered":"<p>Quer conversar comigo? Me escreva. Em condi\u00e7\u00f5es normais eu entendo um ou outro idioma, mas hoje em dia a internet me ajuda a ser mais cosmopolita se for preciso. N\u00e3o se acanhe, escreva, palpite, critique ou&nbsp;pergunte o que desejar, como desejar, conte suas hist\u00f3rias e se manifeste, eu prometo responder se deixar seu email corretamente. [&hellip;]<\/p>\n","protected":false},"author":1,"featured_media":1766,"parent":6,"menu_order":0,"comment_status":"closed","ping_status":"closed","template":"elementor_header_footer","meta":{"ngg_post_thumbnail":0,"footnotes":""},"categories":[],"tags":[],"class_list":["post-1774","page","type-page","status-publish","has-post-thumbnail","hentry"],"yoast_head":"<!-- This site is optimized with the Yoast SEO plugin v27.1.1 - https:\/\/yoast.com\/product\/yoast-seo-wordpress\/ -->\n<title>Contato - Poucabagagem<\/title>\n<meta name=\"robots\" content=\"index, follow, max-snippet:-1, max-image-preview:large, max-video-preview:-1\" \/>\n<link rel=\"canonical\" href=\"https:\/\/poucabagagem.com.br\/index.php\/home\/contato\/\" \/>\n<meta property=\"og:locale\" content=\"pt_BR\" \/>\n<meta property=\"og:type\" content=\"article\" \/>\n<meta property=\"og:title\" content=\"Contato - Poucabagagem\" \/>\n<meta property=\"og:description\" content=\"Quer conversar comigo? Me escreva. Em condi\u00e7\u00f5es normais eu entendo um ou outro idioma, mas hoje em dia a internet me ajuda a ser mais cosmopolita se for preciso. N\u00e3o se acanhe, escreva, palpite, critique ou&nbsp;pergunte o que desejar, como desejar, conte suas hist\u00f3rias e se manifeste, eu prometo responder se deixar seu email corretamente. [&hellip;]\" \/>\n<meta property=\"og:url\" content=\"https:\/\/poucabagagem.com.br\/index.php\/home\/contato\/\" \/>\n<meta property=\"og:site_name\" content=\"Poucabagagem\" \/>\n<meta property=\"article:modified_time\" content=\"2020-02-22T15:07:03+00:00\" \/>\n<meta property=\"og:image\" content=\"https:\/\/poucabagagem.com.br\/wp-content\/uploads\/2020\/01\/Omar.jpg\" \/>\n\t<meta property=\"og:image:width\" content=\"300\" \/>\n\t<meta property=\"og:image:height\" content=\"300\" \/>\n\t<meta property=\"og:image:type\" content=\"image\/jpeg\" \/>\n<meta name=\"twitter:card\" content=\"summary_large_image\" \/>\n<meta name=\"twitter:label1\" content=\"Est. tempo de leitura\" \/>\n\t<meta name=\"twitter:data1\" content=\"1 minuto\" \/>\n<script type=\"application\/ld+json\" class=\"yoast-schema-graph\">{\"@context\":\"https:\/\/schema.org\",\"@graph\":[{\"@type\":\"WebPage\",\"@id\":\"https:\/\/poucabagagem.com.br\/index.php\/home\/contato\/\",\"url\":\"https:\/\/poucabagagem.com.br\/index.php\/home\/contato\/\",\"name\":\"Contato - Poucabagagem\",\"isPartOf\":{\"@id\":\"https:\/\/poucabagagem.com.br\/#website\"},\"primaryImageOfPage\":{\"@id\":\"https:\/\/poucabagagem.com.br\/index.php\/home\/contato\/#primaryimage\"},\"image\":{\"@id\":\"https:\/\/poucabagagem.com.br\/index.php\/home\/contato\/#primaryimage\"},\"thumbnailUrl\":\"https:\/\/poucabagagem.com.br\/wp-content\/uploads\/2020\/01\/Omar.jpg\",\"datePublished\":\"2020-01-26T19:50:32+00:00\",\"dateModified\":\"2020-02-22T15:07:03+00:00\",\"breadcrumb\":{\"@id\":\"https:\/\/poucabagagem.com.br\/index.php\/home\/contato\/#breadcrumb\"},\"inLanguage\":\"pt-BR\",\"potentialAction\":[{\"@type\":\"ReadAction\",\"target\":[\"https:\/\/poucabagagem.com.br\/index.php\/home\/contato\/\"]}]},{\"@type\":\"ImageObject\",\"inLanguage\":\"pt-BR\",\"@id\":\"https:\/\/poucabagagem.com.br\/index.php\/home\/contato\/#primaryimage\",\"url\":\"https:\/\/poucabagagem.com.br\/wp-content\/uploads\/2020\/01\/Omar.jpg\",\"contentUrl\":\"https:\/\/poucabagagem.com.br\/wp-content\/uploads\/2020\/01\/Omar.jpg\",\"width\":300,\"height\":300,\"caption\":\"Omar\"},{\"@type\":\"BreadcrumbList\",\"@id\":\"https:\/\/poucabagagem.com.br\/index.php\/home\/contato\/#breadcrumb\",\"itemListElement\":[{\"@type\":\"ListItem\",\"position\":1,\"name\":\"In\u00edcio\",\"item\":\"https:\/\/poucabagagem.com.br\/\"},{\"@type\":\"ListItem\",\"position\":2,\"name\":\"Home\",\"item\":\"https:\/\/poucabagagem.com.br\/\"},{\"@type\":\"ListItem\",\"position\":3,\"name\":\"Contato\"}]},{\"@type\":\"WebSite\",\"@id\":\"https:\/\/poucabagagem.com.br\/#website\",\"url\":\"https:\/\/poucabagagem.com.br\/\",\"name\":\"Poucabagagem\",\"description\":\"Fotos, videos, reflex\u00f5es e hist\u00f3rias de um andarilho. Sou Omar Cassado, viajo desde os 13 anos e comecei a fotografar realmente por volta dos 18 anos. Hoje compartilhar as fotos e contar minhas hist\u00f3rias se tornou algo muito prazeiroso, esse site fiz pra todos, sejam bem vindos.\",\"publisher\":{\"@id\":\"https:\/\/poucabagagem.com.br\/#\/schema\/person\/6ae6c570312b7f5dadab231c4f5417e3\"},\"potentialAction\":[{\"@type\":\"SearchAction\",\"target\":{\"@type\":\"EntryPoint\",\"urlTemplate\":\"https:\/\/poucabagagem.com.br\/?s={search_term_string}\"},\"query-input\":{\"@type\":\"PropertyValueSpecification\",\"valueRequired\":true,\"valueName\":\"search_term_string\"}}],\"inLanguage\":\"pt-BR\"},{\"@type\":[\"Person\",\"Organization\"],\"@id\":\"https:\/\/poucabagagem.com.br\/#\/schema\/person\/6ae6c570312b7f5dadab231c4f5417e3\",\"name\":\"Omar Cassado\",\"image\":{\"@type\":\"ImageObject\",\"inLanguage\":\"pt-BR\",\"@id\":\"https:\/\/poucabagagem.com.br\/#\/schema\/person\/image\/\",\"url\":\"https:\/\/poucabagagem.com.br\/wp-content\/uploads\/2023\/05\/FAVICON.jpg\",\"contentUrl\":\"https:\/\/poucabagagem.com.br\/wp-content\/uploads\/2023\/05\/FAVICON.jpg\",\"width\":729,\"height\":729,\"caption\":\"Omar Cassado\"},\"logo\":{\"@id\":\"https:\/\/poucabagagem.com.br\/#\/schema\/person\/image\/\"},\"sameAs\":[\"http:\/\/www.poucabagagem.com.br\",\"https:\/\/www.instagram.com\/omar.cassado\/\",\"https:\/\/www.linkedin.com\/in\/omarcassado\/\"]}]}<\/script>\n<!-- \/ Yoast SEO plugin. -->","yoast_head_json":{"title":"Contato - Poucabagagem","robots":{"index":"index","follow":"follow","max-snippet":"max-snippet:-1","max-image-preview":"max-image-preview:large","max-video-preview":"max-video-preview:-1"},"canonical":"https:\/\/poucabagagem.com.br\/index.php\/home\/contato\/","og_locale":"pt_BR","og_type":"article","og_title":"Contato - Poucabagagem","og_description":"Quer conversar comigo? Me escreva. Em condi\u00e7\u00f5es normais eu entendo um ou outro idioma, mas hoje em dia a internet me ajuda a ser mais cosmopolita se for preciso. N\u00e3o se acanhe, escreva, palpite, critique ou&nbsp;pergunte o que desejar, como desejar, conte suas hist\u00f3rias e se manifeste, eu prometo responder se deixar seu email corretamente. [&hellip;]","og_url":"https:\/\/poucabagagem.com.br\/index.php\/home\/contato\/","og_site_name":"Poucabagagem","article_modified_time":"2020-02-22T15:07:03+00:00","og_image":[{"width":300,"height":300,"url":"https:\/\/poucabagagem.com.br\/wp-content\/uploads\/2020\/01\/Omar.jpg","type":"image\/jpeg"}],"twitter_card":"summary_large_image","twitter_misc":{"Est. tempo de leitura":"1 minuto"},"schema":{"@context":"https:\/\/schema.org","@graph":[{"@type":"WebPage","@id":"https:\/\/poucabagagem.com.br\/index.php\/home\/contato\/","url":"https:\/\/poucabagagem.com.br\/index.php\/home\/contato\/","name":"Contato - Poucabagagem","isPartOf":{"@id":"https:\/\/poucabagagem.com.br\/#website"},"primaryImageOfPage":{"@id":"https:\/\/poucabagagem.com.br\/index.php\/home\/contato\/#primaryimage"},"image":{"@id":"https:\/\/poucabagagem.com.br\/index.php\/home\/contato\/#primaryimage"},"thumbnailUrl":"https:\/\/poucabagagem.com.br\/wp-content\/uploads\/2020\/01\/Omar.jpg","datePublished":"2020-01-26T19:50:32+00:00","dateModified":"2020-02-22T15:07:03+00:00","breadcrumb":{"@id":"https:\/\/poucabagagem.com.br\/index.php\/home\/contato\/#breadcrumb"},"inLanguage":"pt-BR","potentialAction":[{"@type":"ReadAction","target":["https:\/\/poucabagagem.com.br\/index.php\/home\/contato\/"]}]},{"@type":"ImageObject","inLanguage":"pt-BR","@id":"https:\/\/poucabagagem.com.br\/index.php\/home\/contato\/#primaryimage","url":"https:\/\/poucabagagem.com.br\/wp-content\/uploads\/2020\/01\/Omar.jpg","contentUrl":"https:\/\/poucabagagem.com.br\/wp-content\/uploads\/2020\/01\/Omar.jpg","width":300,"height":300,"caption":"Omar"},{"@type":"BreadcrumbList","@id":"https:\/\/poucabagagem.com.br\/index.php\/home\/contato\/#breadcrumb","itemListElement":[{"@type":"ListItem","position":1,"name":"In\u00edcio","item":"https:\/\/poucabagagem.com.br\/"},{"@type":"ListItem","position":2,"name":"Home","item":"https:\/\/poucabagagem.com.br\/"},{"@type":"ListItem","position":3,"name":"Contato"}]},{"@type":"WebSite","@id":"https:\/\/poucabagagem.com.br\/#website","url":"https:\/\/poucabagagem.com.br\/","name":"Poucabagagem","description":"Fotos, videos, reflex\u00f5es e hist\u00f3rias de um andarilho. Sou Omar Cassado, viajo desde os 13 anos e comecei a fotografar realmente por volta dos 18 anos. Hoje compartilhar as fotos e contar minhas hist\u00f3rias se tornou algo muito prazeiroso, esse site fiz pra todos, sejam bem vindos.","publisher":{"@id":"https:\/\/poucabagagem.com.br\/#\/schema\/person\/6ae6c570312b7f5dadab231c4f5417e3"},"potentialAction":[{"@type":"SearchAction","target":{"@type":"EntryPoint","urlTemplate":"https:\/\/poucabagagem.com.br\/?s={search_term_string}"},"query-input":{"@type":"PropertyValueSpecification","valueRequired":true,"valueName":"search_term_string"}}],"inLanguage":"pt-BR"},{"@type":["Person","Organization"],"@id":"https:\/\/poucabagagem.com.br\/#\/schema\/person\/6ae6c570312b7f5dadab231c4f5417e3","name":"Omar Cassado","image":{"@type":"ImageObject","inLanguage":"pt-BR","@id":"https:\/\/poucabagagem.com.br\/#\/schema\/person\/image\/","url":"https:\/\/poucabagagem.com.br\/wp-content\/uploads\/2023\/05\/FAVICON.jpg","contentUrl":"https:\/\/poucabagagem.com.br\/wp-content\/uploads\/2023\/05\/FAVICON.jpg","width":729,"height":729,"caption":"Omar Cassado"},"logo":{"@id":"https:\/\/poucabagagem.com.br\/#\/schema\/person\/image\/"},"sameAs":["http:\/\/www.poucabagagem.com.br","https:\/\/www.instagram.com\/omar.cassado\/","https:\/\/www.linkedin.com\/in\/omarcassado\/"]}]}},"_links":{"self":[{"href":"https:\/\/poucabagagem.com.br\/index.php\/wp-json\/wp\/v2\/pages\/1774","targetHints":{"allow":["GET"]}}],"collection":[{"href":"https:\/\/poucabagagem.com.br\/index.php\/wp-json\/wp\/v2\/pages"}],"about":[{"href":"https:\/\/poucabagagem.com.br\/index.php\/wp-json\/wp\/v2\/types\/page"}],"author":[{"embeddable":true,"href":"https:\/\/poucabagagem.com.br\/index.php\/wp-json\/wp\/v2\/users\/1"}],"replies":[{"embeddable":true,"href":"https:\/\/poucabagagem.com.br\/index.php\/wp-json\/wp\/v2\/comments?post=1774"}],"version-history":[{"count":1,"href":"https:\/\/poucabagagem.com.br\/index.php\/wp-json\/wp\/v2\/pages\/1774\/revisions"}],"predecessor-version":[{"id":3150,"href":"https:\/\/poucabagagem.com.br\/index.php\/wp-json\/wp\/v2\/pages\/1774\/revisions\/3150"}],"up":[{"embeddable":true,"href":"https:\/\/poucabagagem.com.br\/index.php\/wp-json\/wp\/v2\/pages\/6"}],"wp:featuredmedia":[{"embeddable":true,"href":"https:\/\/poucabagagem.com.br\/index.php\/wp-json\/wp\/v2\/media\/1766"}],"wp:attachment":[{"href":"https:\/\/poucabagagem.com.br\/index.php\/wp-json\/wp\/v2\/media?parent=1774"}],"wp:term":[{"taxonomy":"category","embeddable":true,"href":"https:\/\/poucabagagem.com.br\/index.php\/wp-json\/wp\/v2\/categories?post=1774"},{"taxonomy":"post_tag","embeddable":true,"href":"https:\/\/poucabagagem.com.br\/index.php\/wp-json\/wp\/v2\/tags?post=1774"}],"curies":[{"name":"wp","href":"https:\/\/api.w.org\/{rel}","templated":true}]}}